{"id":186,"date":"2026-03-06T11:59:55","date_gmt":"2026-03-06T10:59:55","guid":{"rendered":"https:\/\/localhost\/shop\/?page_id=186"},"modified":"2026-03-07T00:18:14","modified_gmt":"2026-03-06T23:18:14","slug":"home","status":"publish","type":"page","link":"http:\/\/91.232.140.164\/shop\/","title":{"rendered":"O Nas"},"content":{"rendered":"\n<h4 class=\"wp-block-heading\">\u00a0 \u00a0 \u00a0G\u0142\u00f3wnym celem hurtowni RO-CAR jest zapewnienie najlepszych cen przy utrzymaniu najwy\u017cszej jako\u015bci towaru oraz b\u0142yskawicznego czasu realizacji zam\u00f3wie\u0144.<\/h4>\n\n<p><strong>O\u00a0naszej sile<\/strong>\u00a0stanowi nasza pe\u0142na oferta, cz\u0119sto ciekawsza ni\u017c w hurtowniach sieciowych, zasi\u0119g oraz nasz zesp\u00f3\u0142. Cenimy sobie dobry kontakt z klientem na zasadach partnerskich.<br \/>\u00a0<br \/>Bezpo\u015brednie umowy z wiod\u0105cymi importerami i zarazem dost\u0119p do wszystkich magazyn\u00f3w g\u0142\u00f3wnych w kraju umo\u017cliwia nam oferowanie dok\u0142adnie tego, co \u017cyczy sobie klient.<br \/>Obs\u0142ugujemy codziennie\u00a0<strong>6<\/strong><strong>\u00a0tras<\/strong>\u00a0w\u0142asnym transportem, pokrywaj\u0105c teren w wojew\u00f3dztwie \u015bl\u0105skim i ma\u0142opolskim.<br \/>Do wi\u0119kszo\u015bci grup asortymentowych zawsze\u00a0<strong>mamy do zaoferowania\u00a0<\/strong>cz\u0119\u015b\u0107 oryginaln\u0105 i alternatywn\u0105, zamiennik pewnej wysokiej jako\u015bci.<br \/><br \/><strong>HURTOWNIA REGIONALNA RO-CAR<\/strong>\u00a0jest firm\u0105 bazuj\u0105c\u0105 na 20-letniej wsp\u00f3\u0142pracy z firm\u0105 Polcar &#8211; najwi\u0119kszym importerem i sprzedawc\u0105 cz\u0119\u015bci karoseryjnych w Europie wschodniej.<br \/>Specjalizujemy si\u0119\u00a0<strong>w zaopatrzeniu warsztat\u00f3w<\/strong>\u00a0blacharsko-lakierniczych i mechanicznych.<br \/>Co nas wyr\u00f3\u017cnia \u2013\u00a0<strong>pozycja na rynku\u00a0<\/strong>\u2013 sami stanowimy o swojej sile, nie jeste\u015bmy ani fili\u0105, ani oddzia\u0142em.<br \/><br \/>W Ro-Car przyk\u0142adamy\u00a0<strong>ogromn\u0105 wag\u0119\u00a0<\/strong>do w\u0142a\u015bciwego doboru cz\u0119\u015bci.<br \/>W razie niepewno\u015bci, sprawdzimy cz\u0119\u015bci wg.\u00a0<strong>numeru VIN<\/strong>.<br \/><br \/>Nasz sta\u0142y rozw\u00f3j zawdzi\u0119czamy Pa\u0144stwa zaufaniu, za co dzi\u0119kujemy i zapraszamy do dalszej wsp\u00f3\u0142pracy.<\/p>\n","protected":false},"excerpt":{"rendered":"<p>\u00a0 \u00a0 \u00a0G\u0142\u00f3wnym celem hurtowni RO-CAR jest zapewnienie najlepszych cen przy utrzymaniu najwy\u017cszej jako\u015bci towaru oraz b\u0142yskawicznego czasu realizacji zam\u00f3wie\u0144. O\u00a0naszej sile\u00a0stanowi nasza pe\u0142na oferta, cz\u0119sto ciekawsza ni\u017c w hurtowniach sieciowych, zasi\u0119g oraz nasz zesp\u00f3\u0142. Cenimy sobie dobry kontakt z klientem na zasadach partnerskich.\u00a0Bezpo\u015brednie umowy z wiod\u0105cymi importerami i zarazem dost\u0119p do wszystkich magazyn\u00f3w g\u0142\u00f3wnych [&hellip;]<\/p>\n","protected":false},"author":1,"featured_media":0,"parent":0,"menu_order":0,"comment_status":"closed","ping_status":"closed","template":"","meta":{"footnotes":""},"class_list":["post-186","page","type-page","status-publish","hentry"],"_links":{"self":[{"href":"http:\/\/91.232.140.164\/shop\/wp-json\/wp\/v2\/pages\/186","targetHints":{"allow":["GET"]}}],"collection":[{"href":"http:\/\/91.232.140.164\/shop\/wp-json\/wp\/v2\/pages"}],"about":[{"href":"http:\/\/91.232.140.164\/shop\/wp-json\/wp\/v2\/types\/page"}],"author":[{"embeddable":true,"href":"http:\/\/91.232.140.164\/shop\/wp-json\/wp\/v2\/users\/1"}],"replies":[{"embeddable":true,"href":"http:\/\/91.232.140.164\/shop\/wp-json\/wp\/v2\/comments?post=186"}],"version-history":[{"count":7,"href":"http:\/\/91.232.140.164\/shop\/wp-json\/wp\/v2\/pages\/186\/revisions"}],"predecessor-version":[{"id":1763,"href":"http:\/\/91.232.140.164\/shop\/wp-json\/wp\/v2\/pages\/186\/revisions\/1763"}],"wp:attachment":[{"href":"http:\/\/91.232.140.164\/shop\/wp-json\/wp\/v2\/media?parent=186"}],"curies":[{"name":"wp","href":"https:\/\/api.w.org\/{rel}","templated":true}]}}