{"id":1342,"date":"2026-03-06T15:10:21","date_gmt":"2026-03-06T14:10:21","guid":{"rendered":"https:\/\/localhost\/shop\/?post_type=product&#038;p=1342"},"modified":"2026-03-06T23:32:49","modified_gmt":"2026-03-06T22:32:49","slug":"czujnik-predkosc-obrotowa-kola-delphi-ss20009","status":"publish","type":"product","link":"http:\/\/91.232.140.164\/shop\/produkt\/czujnik-predkosc-obrotowa-kola-delphi-ss20009\/","title":{"rendered":"Czujnik, pr\u0119dko\u015b\u0107 obrotowa ko\u0142a Delphi SS20009"},"content":{"rendered":"<p>SS20009<\/p>\n","protected":false},"excerpt":{"rendered":"<p>SS20009<\/p>\n","protected":false},"featured_media":1343,"template":"","meta":[],"product_brand":[],"product_cat":[24],"product_tag":[],"class_list":{"0":"post-1342","1":"product","2":"type-product","3":"status-publish","4":"has-post-thumbnail","6":"product_cat-mechanika","8":"first","9":"instock","10":"taxable","11":"shipping-taxable","12":"purchasable","13":"product-type-simple"},"_links":{"self":[{"href":"http:\/\/91.232.140.164\/shop\/wp-json\/wp\/v2\/product\/1342","targetHints":{"allow":["GET"]}}],"collection":[{"href":"http:\/\/91.232.140.164\/shop\/wp-json\/wp\/v2\/product"}],"about":[{"href":"http:\/\/91.232.140.164\/shop\/wp-json\/wp\/v2\/types\/product"}],"wp:featuredmedia":[{"embeddable":true,"href":"http:\/\/91.232.140.164\/shop\/wp-json\/wp\/v2\/media\/1343"}],"wp:attachment":[{"href":"http:\/\/91.232.140.164\/shop\/wp-json\/wp\/v2\/media?parent=1342"}],"wp:term":[{"taxonomy":"product_brand","embeddable":true,"href":"http:\/\/91.232.140.164\/shop\/wp-json\/wp\/v2\/product_brand?post=1342"},{"taxonomy":"product_cat","embeddable":true,"href":"http:\/\/91.232.140.164\/shop\/wp-json\/wp\/v2\/product_cat?post=1342"},{"taxonomy":"product_tag","embeddable":true,"href":"http:\/\/91.232.140.164\/shop\/wp-json\/wp\/v2\/product_tag?post=1342"}],"curies":[{"name":"wp","href":"https:\/\/api.w.org\/{rel}","templated":true}]}}