{"id":1349,"date":"2026-03-06T15:10:29","date_gmt":"2026-03-06T14:10:29","guid":{"rendered":"https:\/\/localhost\/shop\/?post_type=product&#038;p=1349"},"modified":"2026-03-06T23:32:49","modified_gmt":"2026-03-06T22:32:49","slug":"sprzeglo-komplet-renault-clio-iii-laguna-iii-1-5-dci-302057505r-oryginal","status":"publish","type":"product","link":"http:\/\/91.232.140.164\/shop\/produkt\/sprzeglo-komplet-renault-clio-iii-laguna-iii-1-5-dci-302057505r-oryginal\/","title":{"rendered":"SPRZ\u0118G\u0141O KOMPLET RENAULT CLIO III LAGUNA III 1.5 DCI 302057505R ORYGINA\u0141"},"content":{"rendered":"<p>302057505R<\/p>\n","protected":false},"excerpt":{"rendered":"<p>302057505R<\/p>\n","protected":false},"featured_media":1350,"template":"","meta":[],"product_brand":[],"product_cat":[24],"product_tag":[],"class_list":{"0":"post-1349","1":"product","2":"type-product","3":"status-publish","4":"has-post-thumbnail","6":"product_cat-mechanika","8":"first","9":"instock","10":"taxable","11":"shipping-taxable","12":"purchasable","13":"product-type-simple"},"_links":{"self":[{"href":"http:\/\/91.232.140.164\/shop\/wp-json\/wp\/v2\/product\/1349","targetHints":{"allow":["GET"]}}],"collection":[{"href":"http:\/\/91.232.140.164\/shop\/wp-json\/wp\/v2\/product"}],"about":[{"href":"http:\/\/91.232.140.164\/shop\/wp-json\/wp\/v2\/types\/product"}],"wp:featuredmedia":[{"embeddable":true,"href":"http:\/\/91.232.140.164\/shop\/wp-json\/wp\/v2\/media\/1350"}],"wp:attachment":[{"href":"http:\/\/91.232.140.164\/shop\/wp-json\/wp\/v2\/media?parent=1349"}],"wp:term":[{"taxonomy":"product_brand","embeddable":true,"href":"http:\/\/91.232.140.164\/shop\/wp-json\/wp\/v2\/product_brand?post=1349"},{"taxonomy":"product_cat","embeddable":true,"href":"http:\/\/91.232.140.164\/shop\/wp-json\/wp\/v2\/product_cat?post=1349"},{"taxonomy":"product_tag","embeddable":true,"href":"http:\/\/91.232.140.164\/shop\/wp-json\/wp\/v2\/product_tag?post=1349"}],"curies":[{"name":"wp","href":"https:\/\/api.w.org\/{rel}","templated":true}]}}