{"id":181,"date":"2026-03-06T11:00:21","date_gmt":"2026-03-06T10:00:21","guid":{"rendered":"https:\/\/localhost\/shop\/?post_type=product&#038;p=181"},"modified":"2026-03-06T11:03:31","modified_gmt":"2026-03-06T10:03:31","slug":"181","status":"publish","type":"product","link":"http:\/\/91.232.140.164\/shop\/produkt\/181\/","title":{"rendered":"Reflektor TOYOTA COROLLA E21 03.18-"},"content":{"rendered":"<p>ze \u015bwiat\u0142ami mijania (LED)<br \/>\nze \u015bwiat\u0142ami drogowymi (LED)<br \/>\nze \u015bwiat\u0142em do jazdy dziennej (LED)<br \/>\nze \u015bwiat\u0142em pozycyjnym (LED)<br \/>\nze \u015bwiat\u0142em kierunkowskaz\u00f3w (LED)<\/p>\n","protected":false},"excerpt":{"rendered":"<p>TOYOTA COROLLA E21 03.18-<\/p>\n<p>Reflektor \u015bwiate\u0142 przednich<\/p>\n","protected":false},"featured_media":182,"template":"","meta":[],"product_brand":[],"product_cat":[19],"product_tag":[],"class_list":{"0":"post-181","1":"product","2":"type-product","3":"status-publish","4":"has-post-thumbnail","6":"product_cat-oswietlenie","8":"first","9":"instock","10":"taxable","11":"shipping-taxable","12":"purchasable","13":"product-type-simple"},"_links":{"self":[{"href":"http:\/\/91.232.140.164\/shop\/wp-json\/wp\/v2\/product\/181","targetHints":{"allow":["GET"]}}],"collection":[{"href":"http:\/\/91.232.140.164\/shop\/wp-json\/wp\/v2\/product"}],"about":[{"href":"http:\/\/91.232.140.164\/shop\/wp-json\/wp\/v2\/types\/product"}],"wp:featuredmedia":[{"embeddable":true,"href":"http:\/\/91.232.140.164\/shop\/wp-json\/wp\/v2\/media\/182"}],"wp:attachment":[{"href":"http:\/\/91.232.140.164\/shop\/wp-json\/wp\/v2\/media?parent=181"}],"wp:term":[{"taxonomy":"product_brand","embeddable":true,"href":"http:\/\/91.232.140.164\/shop\/wp-json\/wp\/v2\/product_brand?post=181"},{"taxonomy":"product_cat","embeddable":true,"href":"http:\/\/91.232.140.164\/shop\/wp-json\/wp\/v2\/product_cat?post=181"},{"taxonomy":"product_tag","embeddable":true,"href":"http:\/\/91.232.140.164\/shop\/wp-json\/wp\/v2\/product_tag?post=181"}],"curies":[{"name":"wp","href":"https:\/\/api.w.org\/{rel}","templated":true}]}}