{"id":204,"date":"2026-03-06T14:53:46","date_gmt":"2026-03-06T13:53:46","guid":{"rendered":"https:\/\/localhost\/shop\/?post_type=product&#038;p=204"},"modified":"2026-03-06T14:53:46","modified_gmt":"2026-03-06T13:53:46","slug":"tytul-oferty","status":"publish","type":"product","link":"http:\/\/91.232.140.164\/shop\/produkt\/tytul-oferty\/","title":{"rendered":"Tytu\u0142 oferty"},"content":{"rendered":"<p>Numer katalogowy cz\u0119\u015bci<\/p>\n","protected":false},"excerpt":{"rendered":"<p>Numer katalogowy cz\u0119\u015bci<\/p>\n","protected":false},"featured_media":0,"template":"","meta":[],"product_brand":[],"product_cat":[19],"product_tag":[],"class_list":{"0":"post-204","1":"product","2":"type-product","3":"status-publish","5":"product_cat-oswietlenie","7":"first","8":"instock","9":"taxable","10":"shipping-taxable","11":"product-type-simple"},"_links":{"self":[{"href":"http:\/\/91.232.140.164\/shop\/wp-json\/wp\/v2\/product\/204","targetHints":{"allow":["GET"]}}],"collection":[{"href":"http:\/\/91.232.140.164\/shop\/wp-json\/wp\/v2\/product"}],"about":[{"href":"http:\/\/91.232.140.164\/shop\/wp-json\/wp\/v2\/types\/product"}],"wp:attachment":[{"href":"http:\/\/91.232.140.164\/shop\/wp-json\/wp\/v2\/media?parent=204"}],"wp:term":[{"taxonomy":"product_brand","embeddable":true,"href":"http:\/\/91.232.140.164\/shop\/wp-json\/wp\/v2\/product_brand?post=204"},{"taxonomy":"product_cat","embeddable":true,"href":"http:\/\/91.232.140.164\/shop\/wp-json\/wp\/v2\/product_cat?post=204"},{"taxonomy":"product_tag","embeddable":true,"href":"http:\/\/91.232.140.164\/shop\/wp-json\/wp\/v2\/product_tag?post=204"}],"curies":[{"name":"wp","href":"https:\/\/api.w.org\/{rel}","templated":true}]}}