{"id":262,"date":"2026-03-06T14:54:33","date_gmt":"2026-03-06T13:54:33","guid":{"rendered":"https:\/\/localhost\/shop\/?post_type=product&#038;p=262"},"modified":"2026-03-06T14:54:33","modified_gmt":"2026-03-06T13:54:33","slug":"pokrywa-maska-clio-iv-nowa-dowoz-gratis-slask","status":"publish","type":"product","link":"http:\/\/91.232.140.164\/shop\/produkt\/pokrywa-maska-clio-iv-nowa-dowoz-gratis-slask\/","title":{"rendered":"pokrywa maska CLIO IV NOWA dow\u00f3z gratis \u015bl\u0105sk"},"content":{"rendered":"<p>651009833R<\/p>\n","protected":false},"excerpt":{"rendered":"<p>651009833R<\/p>\n","protected":false},"featured_media":263,"template":"","meta":[],"product_brand":[],"product_cat":[19],"product_tag":[],"class_list":{"0":"post-262","1":"product","2":"type-product","3":"status-publish","4":"has-post-thumbnail","6":"product_cat-oswietlenie","8":"first","9":"instock","10":"taxable","11":"shipping-taxable","12":"purchasable","13":"product-type-simple"},"_links":{"self":[{"href":"http:\/\/91.232.140.164\/shop\/wp-json\/wp\/v2\/product\/262","targetHints":{"allow":["GET"]}}],"collection":[{"href":"http:\/\/91.232.140.164\/shop\/wp-json\/wp\/v2\/product"}],"about":[{"href":"http:\/\/91.232.140.164\/shop\/wp-json\/wp\/v2\/types\/product"}],"wp:featuredmedia":[{"embeddable":true,"href":"http:\/\/91.232.140.164\/shop\/wp-json\/wp\/v2\/media\/263"}],"wp:attachment":[{"href":"http:\/\/91.232.140.164\/shop\/wp-json\/wp\/v2\/media?parent=262"}],"wp:term":[{"taxonomy":"product_brand","embeddable":true,"href":"http:\/\/91.232.140.164\/shop\/wp-json\/wp\/v2\/product_brand?post=262"},{"taxonomy":"product_cat","embeddable":true,"href":"http:\/\/91.232.140.164\/shop\/wp-json\/wp\/v2\/product_cat?post=262"},{"taxonomy":"product_tag","embeddable":true,"href":"http:\/\/91.232.140.164\/shop\/wp-json\/wp\/v2\/product_tag?post=262"}],"curies":[{"name":"wp","href":"https:\/\/api.w.org\/{rel}","templated":true}]}}