{"id":272,"date":"2026-03-06T14:54:40","date_gmt":"2026-03-06T13:54:40","guid":{"rendered":"https:\/\/localhost\/shop\/?post_type=product&#038;p=272"},"modified":"2026-03-06T14:54:41","modified_gmt":"2026-03-06T13:54:41","slug":"wal-napedowy-3-czesciowy-kompletny-wito-viano-l1903mm","status":"publish","type":"product","link":"http:\/\/91.232.140.164\/shop\/produkt\/wal-napedowy-3-czesciowy-kompletny-wito-viano-l1903mm\/","title":{"rendered":"Wa\u0142 nap\u0119dowy 3-cz\u0119\u015bciowy kompletny WITO VIANO l=1903mm"},"content":{"rendered":"<p>6394104806<\/p>\n","protected":false},"excerpt":{"rendered":"<p>6394104806<\/p>\n","protected":false},"featured_media":273,"template":"","meta":[],"product_brand":[],"product_cat":[19],"product_tag":[],"class_list":{"0":"post-272","1":"product","2":"type-product","3":"status-publish","4":"has-post-thumbnail","6":"product_cat-oswietlenie","8":"first","9":"instock","10":"taxable","11":"shipping-taxable","12":"purchasable","13":"product-type-simple"},"_links":{"self":[{"href":"http:\/\/91.232.140.164\/shop\/wp-json\/wp\/v2\/product\/272","targetHints":{"allow":["GET"]}}],"collection":[{"href":"http:\/\/91.232.140.164\/shop\/wp-json\/wp\/v2\/product"}],"about":[{"href":"http:\/\/91.232.140.164\/shop\/wp-json\/wp\/v2\/types\/product"}],"wp:featuredmedia":[{"embeddable":true,"href":"http:\/\/91.232.140.164\/shop\/wp-json\/wp\/v2\/media\/273"}],"wp:attachment":[{"href":"http:\/\/91.232.140.164\/shop\/wp-json\/wp\/v2\/media?parent=272"}],"wp:term":[{"taxonomy":"product_brand","embeddable":true,"href":"http:\/\/91.232.140.164\/shop\/wp-json\/wp\/v2\/product_brand?post=272"},{"taxonomy":"product_cat","embeddable":true,"href":"http:\/\/91.232.140.164\/shop\/wp-json\/wp\/v2\/product_cat?post=272"},{"taxonomy":"product_tag","embeddable":true,"href":"http:\/\/91.232.140.164\/shop\/wp-json\/wp\/v2\/product_tag?post=272"}],"curies":[{"name":"wp","href":"https:\/\/api.w.org\/{rel}","templated":true}]}}